{"id":39,"date":"2010-02-10T13:03:59","date_gmt":"2010-02-10T12:03:59","guid":{"rendered":"http:\/\/www.hypnose-altdorf.de\/hypnose-blog\/?page_id=39"},"modified":"2024-07-30T19:38:54","modified_gmt":"2024-07-30T18:38:54","slug":"hypnose-anwendungsbereiche","status":"publish","type":"page","link":"https:\/\/www.hypnose-altdorf.de\/hypnose-blog\/hypnose-anwendungsbereiche\/","title":{"rendered":"Hypnose-Anwendungsbereiche"},"content":{"rendered":"<p><strong>Wof\u00fcr kann Hypnose eingesetzt werden? Bei was kann Ihnen Hypnose evtl. helfen?<\/strong><\/p>\n<p>Hier m\u00f6chte ich Ihnen in alphabetischer Reihenfolge\u00a0<strong>m\u00f6gliche Anwendungsbereiche der Hypnose<\/strong> aufzeigen. Hypnose kann eingesetzt werden :<\/p>\n<p>zum Abbau von innerem Stress bei <strong>\u00c4<\/strong>ngsten z.B. Fahrstuhl, Pr\u00fcfung etc.<br \/>\nzum Abbau von inneren <strong>A<\/strong>ggressionen, gewaltfreie Kommunikation erm\u00f6glichen<br \/>\nbei <strong>A<\/strong>kne, schlechter Haut,<br \/>\num <strong>A<\/strong>nspannungen zu l\u00f6sen<br \/>\nzum <strong>A<\/strong>ufl\u00f6sen von Selbstbeschr\u00e4nkungen (ich kann nicht, immer wenn ich&#8230;)<br \/>\nbei <strong>A<\/strong>ntriebslosigkeit<br \/>\nbei <strong>B<\/strong>ettn\u00e4ssen<br \/>\num die\u00a0<strong>B<\/strong>eziehungsf\u00e4higkeit zu verbessern<br \/>\nzur <strong>B<\/strong>lockadenl\u00f6sung<br \/>\nzur <strong>B<\/strong>rustvergr\u00f6sserung<br \/>\nbei <strong>B<\/strong>urn Out \/ Ersch\u00f6pfung \/ Stress<br \/>\nbei <strong>D<\/strong>aumenlutschen<br \/>\nbei <strong>D<\/strong>epressiver (Ver-)Stimmung<br \/>\nbei einigen<strong> D<\/strong>epressionsformen (z.B. Ersch\u00f6pfungsdepression, leichte bis ggf. mittelgrade Depression, Dysthymia)<br \/>\nf\u00fcr besseres <a title=\"sich durchsetzen koennen\" href=\"http:\/\/www.hypnose-altdorf.de\/hypnose-blog\/selbstbewusstseinsaufbau-selbstwertgefuehl\/\" target=\"_self\" rel=\"noopener\"><strong>D<\/strong>urchsetzungsverm\u00f6gen<\/a><br \/>\num <strong>e<\/strong>ffektiver zu lernen, zu arbeiten<br \/>\nbei <a title=\"Mehr Selbstbewusstsein - weniger Eifersucht\" href=\"http:\/\/www.hypnose-altdorf.de\/hypnose-blog\/selbstbewusstseinsaufbau-selbstwertgefuehl\/\" target=\"_self\" rel=\"noopener\"><strong>E<\/strong>ifersucht<br \/>\n<\/a>um <strong>e<\/strong>ingefahrene Strukturen zu\u00a0\u00e4ndern, Muster zu durchbrechen<br \/>\nf\u00fcr <strong>E<\/strong>ntspannung auf Abruf (Anker) z.B.\u00a0bei Stress<br \/>\nals <strong>E<\/strong>ntspannungstraining vor Zahnarztbesuch<br \/>\nf\u00fcr <strong>E<\/strong>ntspannung in der Schangerschaft &#8211; entspannte Geburt<br \/>\nf\u00fcr <strong>E<\/strong>ntspannung und Schmerzfreiheit bei kosmetischer Behandlung oder im Tatoostudio<br \/>\nzum <strong>E<\/strong>ntwickeln mehr pers\u00f6nlicher St\u00e4rke<br \/>\nbei <strong>E<\/strong>rinnerungsverlust (Regression)<br \/>\nzum <strong>F<\/strong>inden eigener neuer Sichtweisen<br \/>\nf\u00fcr <strong>F<\/strong>reien Zugriff auf alle inneren Ressourcen<br \/>\num <strong>F<\/strong>remdsprachen leichter zu lernen (Motivation steigern, Lernblockaden l\u00f6sen)<br \/>\nf\u00fcr <strong>G<\/strong>ed\u00e4chtnistraining, Verbesserung der Ged\u00e4chtnisleistung<br \/>\nf\u00fcr <strong>G<\/strong>esunde Ern\u00e4hrung<br \/>\nzur <a title=\"Gewichtsreduktion - Abnehmen mit Hypnose\" href=\"http:\/\/www.hypnose-altdorf.de\/hypnose-blog\/gewichtsreduktion-abnehmen-hypnose\/\" target=\"_self\" rel=\"noopener\"><strong>G<\/strong>ewichtsreduktion<\/a><br \/>\nf\u00fcr <strong>g<\/strong>ute Gef\u00fchle auf Abruf (Anker)<br \/>\ngegen\u00a0<strong>H<\/strong>aarausfall<br \/>\nbei \u00fcberm\u00e4ssigem <strong>H<\/strong>aarwuchs (Bartwuchs bei Frauen)<br \/>\nf\u00fcr besseres <strong>I<\/strong>nneres Gleichgewicht und Ausgeglichenheit<br \/>\ngegen\u00a0nerv\u00f6sen\u00a0<strong>J<\/strong>uckreiz<br \/>\nbei <strong>K<\/strong>inderwunsch<br \/>\nbei <strong>K<\/strong>onzentrationsproblemen, <strong>K<\/strong>onzentrationsschw\u00e4che<br \/>\nbei <strong>L<\/strong>ampenfieber<br \/>\nzur <strong>L<\/strong>eistungssteigerung (Sport, Beruf)<br \/>\nzum <strong>L<\/strong>\u00f6sen von Blockaden<br \/>\nbei <strong>L<\/strong>ernschwierigkeiten oder Lernschw\u00e4che (siehe <a href=\"https:\/\/www.hypnose-altdorf.de\/hypnose-blog\/superlearning-fuer-schueler-und-studenten\/\" target=\"_blank\" rel=\"noopener\">Super-Learning<\/a>)<br \/>\nzur <strong>m<\/strong>entalen Vorbereitung auf Pr\u00fcfungen (z.B. F\u00fchrerschein)<br \/>\nbei generellen\u00a0<strong>M<\/strong>otivationsproblemen \/ zur spezifischen\u00a0<strong>M<\/strong>otivationssteigerung<br \/>\nbei\u00a0<strong>N<\/strong>\u00e4gelkauen<br \/>\ngegen <strong>N<\/strong>ervosit\u00e4t<br \/>\nbei <strong>P<\/strong>anikst\u00f6rung (ggf. auch Therapiebegleitend)<br \/>\nf\u00fcr <strong>P<\/strong>hantasiereisen<br \/>\nbei <strong>P<\/strong>hobien (Soziophobie, Agoraphobie und spez. Phobie wie Tierphobien, H\u00f6henangst, Platzangst, etc. &#8211; ggf. auch Therapiebegleitend)<br \/>\nzur<a title=\"Rauchentw\u00f6hnung mit Hypnose\" href=\"http:\/\/www.hypnose-altdorf.de\/hypnose-blog\/rauchentwohnung-mit-hypnose\/\" target=\"_self\" rel=\"noopener\"> <strong>R<\/strong>auchentw\u00f6hnung<\/a><br \/>\n<strong>R<\/strong>\u00fcckf\u00fchrung in fr\u00fchere Leben<br \/>\nbei <a title=\"Schlafstoerungen\" href=\"http:\/\/www.hypnose-altdorf.de\/hypnose-blog\/hypnose-gegen-schlafstoerungen\/\" target=\"_self\" rel=\"noopener\"><strong>S<\/strong>chlafst\u00f6rung <\/a>(Einschlafprobleme und Durchschlafschw\u00e4che ohne Erkrankung!)<br \/>\nbei <a title=\"gutes Sebstbewusstsein\" href=\"http:\/\/www.hypnose-altdorf.de\/hypnose-blog\/selbstbewusstseinsaufbau-selbstwertgefuehl\/\" target=\"_self\" rel=\"noopener\"><strong>S<\/strong>ch\u00fcchternheit<br \/>\n<\/a><strong>S<\/strong>chuldgef\u00fchle l\u00f6sen<br \/>\nbei schlechtem <a title=\"gutes Selbstbewusstsein\" href=\"http:\/\/www.hypnose-altdorf.de\/hypnose-blog\/selbstbewusstseinsaufbau-selbstwertgefuehl\/\" target=\"_self\" rel=\"noopener\"><strong>S<\/strong>elbstbewusstsein<\/a><br \/>\nf\u00fcr mehr <strong>S<\/strong>elbstdisziplin<br \/>\n<strong>S<\/strong>elbstheilungskr\u00e4fte unterst\u00fctzen<br \/>\nf\u00fcr mehr <a title=\"selbstbewusst und selbstsicher\" href=\"http:\/\/www.hypnose-altdorf.de\/hypnose-blog\/selbstbewusstseinsaufbau-selbstwertgefuehl\/\" target=\"_self\" rel=\"noopener\"><strong>S<\/strong>elbstsicherheit<\/a><br \/>\nbei <strong>S<\/strong>exueller Unlust<br \/>\ngegen <strong>S<\/strong>odbrennen, nerv\u00f6sen Magen\u00a0(wenn keine Erkrankung vorliegt)<br \/>\nzum Abbau von innerem Stress bei\u00a0<strong>S<\/strong>\u00fcchten (Ess-, Nasch-, Nikotinsucht)<br \/>\n<a href=\"https:\/\/www.hypnose-altdorf.de\/hypnose-blog\/superlearning-fuer-schueler-und-studenten\/\" target=\"_blank\" rel=\"noopener\"><strong>Super-Learning<\/strong><\/a> Hypnosen-Sets f\u00fcr Sch\u00fcler und Studenten<br \/>\nzur Hilfe bei <strong>\u00dc<\/strong>berforderung<br \/>\nbei k\u00f6rperlich <strong>u<\/strong>nruhigem Schlaf und Schlafwandeln<br \/>\nzur <strong>V<\/strong>orbeugung (z.B. vor Burn Out)<br \/>\n<strong>W<\/strong>ettkampfvorbereitend &#8211;\u00a0Powersuggestionen\u00a0bei Sportlern<br \/>\nzur besseren <strong>W<\/strong>undheilung, Selbstheilungsunterst\u00fctzend<br \/>\nbei\u00a0<strong>Z<\/strong>w\u00e4ngen (ggf. auch Therapiebegleitend)<\/p>\n<p>Neurotische, Belastungs- und somatoforme St\u00f6rungen; psychogene und neurotische Depressionsformen und leichte Affektive St\u00f6rungen; Psychosomatische Erkrankungen; sowie einige Entwicklungsst\u00f6rungen sind (teilweise medikament\u00f6s- und\/oder Psychotherapiebegleitend) oftmals gut (zus\u00e4tzlich) hypnotherapeutisch behandelbar.<\/p>\n<p><strong>Die Behandlung von Schizophrenie, wahnhafter St\u00f6rung, Pers\u00f6nlichkeitsst\u00f6rungen (z.B. Borderline), schwerer Depression, Manie, Bipolarer Depression, Demenz, sowie s\u00e4mtliche endogene psychische Erkrankungen k\u00f6nnen (oder d\u00fcrfen) nicht von Heilpraktikern mit Hypnosetherapie behandelt werden!<\/strong><\/p>\n<p>Gerne berate ich Sie \u00fcber die M\u00f6glichkeiten der Hypnose f\u00fcr Ihr individuelles Ziel\/Problem! Selbstverst\u00e4ndlich kostenlos und unverbindlich! Bitte vereinbaren Sie einen Beratungstermin.<\/p>\n","protected":false},"excerpt":{"rendered":"<p>Wof\u00fcr kann Hypnose eingesetzt werden? Bei was kann Ihnen Hypnose evtl. helfen? Hier m\u00f6chte ich Ihnen in alphabetischer Reihenfolge\u00a0m\u00f6gliche Anwendungsbereiche der Hypnose aufzeigen. Hypnose kann eingesetzt werden : zum Abbau von innerem Stress bei \u00c4ngsten z.B. Fahrstuhl, Pr\u00fcfung etc. zum Abbau von inneren Aggressionen, gewaltfreie Kommunikation erm\u00f6glichen bei Akne, schlechter Haut, um Anspannungen zu l\u00f6sen [&hellip;]<\/p>\n","protected":false},"author":2,"featured_media":0,"parent":0,"menu_order":0,"comment_status":"closed","ping_status":"open","template":"","meta":{"footnotes":""},"class_list":["post-39","page","type-page","status-publish","hentry"],"_links":{"self":[{"href":"https:\/\/www.hypnose-altdorf.de\/hypnose-blog\/wp-json\/wp\/v2\/pages\/39","targetHints":{"allow":["GET"]}}],"collection":[{"href":"https:\/\/www.hypnose-altdorf.de\/hypnose-blog\/wp-json\/wp\/v2\/pages"}],"about":[{"href":"https:\/\/www.hypnose-altdorf.de\/hypnose-blog\/wp-json\/wp\/v2\/types\/page"}],"author":[{"embeddable":true,"href":"https:\/\/www.hypnose-altdorf.de\/hypnose-blog\/wp-json\/wp\/v2\/users\/2"}],"replies":[{"embeddable":true,"href":"https:\/\/www.hypnose-altdorf.de\/hypnose-blog\/wp-json\/wp\/v2\/comments?post=39"}],"version-history":[{"count":40,"href":"https:\/\/www.hypnose-altdorf.de\/hypnose-blog\/wp-json\/wp\/v2\/pages\/39\/revisions"}],"predecessor-version":[{"id":1349,"href":"https:\/\/www.hypnose-altdorf.de\/hypnose-blog\/wp-json\/wp\/v2\/pages\/39\/revisions\/1349"}],"wp:attachment":[{"href":"https:\/\/www.hypnose-altdorf.de\/hypnose-blog\/wp-json\/wp\/v2\/media?parent=39"}],"curies":[{"name":"wp","href":"https:\/\/api.w.org\/{rel}","templated":true}]}}